{"id":325,"date":"2024-07-31T18:54:23","date_gmt":"2024-07-31T18:54:23","guid":{"rendered":"https:\/\/tractoresdeags.com.mx\/?page_id=325"},"modified":"2024-11-16T19:37:08","modified_gmt":"2024-11-16T19:37:08","slug":"refacciones-y-servicio-mecanico","status":"publish","type":"page","link":"https:\/\/tractoresdeags.com.mx\/index.php\/refacciones-y-servicio-mecanico\/","title":{"rendered":"Refacciones y servicio Tecnico"},"content":{"rendered":"\n<div class=\"wp-block-group alignfull has-global-padding is-layout-constrained wp-block-group-is-layout-constrained\">\n<div class=\"wp-block-cover alignfull\"><span aria-hidden=\"true\" class=\"wp-block-cover__background has-background-dim\"><\/span><img loading=\"lazy\" decoding=\"async\" width=\"1024\" height=\"768\" class=\"wp-block-cover__image-background wp-image-600\" alt=\"\" src=\"https:\/\/tractoresdeags.com.mx\/wp-content\/uploads\/2024\/09\/20240731_100846-scaled-1-1024x768.jpg\" data-object-fit=\"cover\" srcset=\"https:\/\/tractoresdeags.com.mx\/wp-content\/uploads\/2024\/09\/20240731_100846-scaled-1-1024x768.jpg 1024w, https:\/\/tractoresdeags.com.mx\/wp-content\/uploads\/2024\/09\/20240731_100846-scaled-1-300x225.jpg 300w, https:\/\/tractoresdeags.com.mx\/wp-content\/uploads\/2024\/09\/20240731_100846-scaled-1-768x576.jpg 768w, https:\/\/tractoresdeags.com.mx\/wp-content\/uploads\/2024\/09\/20240731_100846-scaled-1-1536x1152.jpg 1536w, https:\/\/tractoresdeags.com.mx\/wp-content\/uploads\/2024\/09\/20240731_100846-scaled-1-2048x1536.jpg 2048w\" sizes=\"auto, (max-width: 1024px) 100vw, 1024px\" \/><div class=\"wp-block-cover__inner-container is-layout-flow wp-block-cover-is-layout-flow\">\n<p class=\"has-text-align-left has-large-font-size\"><strong>REFACCIONES <\/strong><\/p>\n\n\n\n<p><em>MANTEN TU TRACTOR COMO NUEVO<\/em><\/p>\n<\/div><\/div>\n<\/div>\n\n\n\n<div class=\"wp-block-group alignfull has-base-2-background-color has-background has-global-padding is-layout-constrained wp-container-core-group-is-layout-669513ed wp-block-group-is-layout-constrained\" style=\"margin-top:0;margin-bottom:0;padding-top:var(--wp--preset--spacing--50);padding-right:var(--wp--preset--spacing--50);padding-bottom:var(--wp--preset--spacing--50);padding-left:var(--wp--preset--spacing--50)\">\n<div style=\"height:var(--wp--preset--spacing--20)\" aria-hidden=\"true\" class=\"wp-block-spacer\"><\/div>\n\n\n\n<div class=\"wp-block-columns alignwide is-layout-flex wp-container-core-columns-is-layout-d0bbbce0 wp-block-columns-is-layout-flex\">\n<div class=\"wp-block-column is-layout-flow wp-container-core-column-is-layout-e3d1c41b wp-block-column-is-layout-flow\">\n<h3 class=\"wp-block-heading has-text-align-left is-style-asterisk has-body-font-family has-medium-font-size\" style=\"font-style:normal;font-weight:600\">Refacciones de maquinaria<\/h3>\n\n\n\n<p class=\"has-text-align-left\">En Tractores de Aguascalientes, nos enorgullece ofrecer una amplia variedad de refacciones para cualquier tipo de maquinaria agr\u00edcola.<\/p>\n<\/div>\n\n\n\n<div class=\"wp-block-column is-layout-flow wp-container-core-column-is-layout-e3d1c41b wp-block-column-is-layout-flow\">\n<h3 class=\"wp-block-heading has-text-align-left is-style-asterisk has-body-font-family has-medium-font-size\" style=\"font-style:normal;font-weight:600\">Refacciones kubota<\/h3>\n\n\n\n<p class=\"has-text-align-left\">Adem\u00e1s, contamos con una gama completa de refacciones genuinas Kubota, asegurando la m\u00e1xima calidad y rendimiento.<\/p>\n<\/div>\n\n\n\n<div class=\"wp-block-column is-layout-flow wp-container-core-column-is-layout-e3d1c41b wp-block-column-is-layout-flow\">\n<h3 class=\"wp-block-heading has-text-align-left is-style-asterisk has-body-font-family has-medium-font-size\" style=\"font-style:normal;font-weight:600\">Servicio mecanico<\/h3>\n\n\n\n<p class=\"has-text-align-left\">Ofrecemos un servicio t\u00e9cnico de primera, con opciones de asistencia mec\u00e1nica tanto en nuestras instalaciones como en el campo.<\/p>\n<\/div>\n<\/div>\n<\/div>\n\n\n\n<div class=\"wp-block-cover alignfull\"><span aria-hidden=\"true\" class=\"wp-block-cover__background has-background-dim\"><\/span><div class=\"wp-block-cover__inner-container is-layout-flow wp-block-cover-is-layout-flow\">\n<div class=\"wp-block-group alignfull has-global-padding is-layout-constrained wp-container-core-group-is-layout-d89aad35 wp-block-group-is-layout-constrained\" style=\"margin-top:0;margin-bottom:0;padding-top:var(--wp--preset--spacing--50);padding-right:var(--wp--preset--spacing--50);padding-bottom:var(--wp--preset--spacing--50);padding-left:var(--wp--preset--spacing--50)\">\n<div class=\"wp-block-group alignwide has-global-padding is-layout-constrained wp-container-core-group-is-layout-19e250f3 wp-block-group-is-layout-constrained\">\n<div class=\"wp-block-columns alignwide are-vertically-aligned-center is-layout-flex wp-container-core-columns-is-layout-d1c656ed wp-block-columns-is-layout-flex\">\n<div class=\"wp-block-column is-vertically-aligned-center is-layout-flow wp-block-column-is-layout-flow\" style=\"flex-basis:40%\">\n<h3 class=\"wp-block-heading is-style-asterisk\">Tipo de refacciones<\/h3>\n\n\n\n<ul style=\"line-height:1.75\" class=\"is-style-checkmark-list wp-block-list\">\n<li>Aceites<\/li>\n\n\n\n<li>Filtros<\/li>\n\n\n\n<li>Embragues<\/li>\n\n\n\n<li>Correas de transmisi\u00f3n<\/li>\n\n\n\n<li>Cadena de transmisi\u00f3n<\/li>\n\n\n\n<li>Bombas hidr\u00e1ulicas<\/li>\n\n\n\n<li>Mangueras y conexiones<\/li>\n\n\n\n<li>Buj\u00edas<\/li>\n\n\n\n<li>Inyectores de combustible<\/li>\n\n\n\n<li>Empaques<\/li>\n\n\n\n<li>Anillos y pistones<\/li>\n\n\n\n<li>Alternadores<\/li>\n\n\n\n<li>Motores de arranque<\/li>\n\n\n\n<li>Bater\u00edas<\/li>\n\n\n\n<li>Interruptores y fusibles<\/li>\n\n\n\n<li>Luces y faros<\/li>\n\n\n\n<li>Neum\u00e1ticos y rines<\/li>\n\n\n\n<li>etc..<\/li>\n<\/ul>\n<\/div>\n\n\n\n<div class=\"wp-block-column is-vertically-aligned-center is-layout-flow wp-block-column-is-layout-flow\" style=\"flex-basis:50%\">\n<figure class=\"wp-block-image size-large is-style-rounded is-style-rounded--1\"><img loading=\"lazy\" decoding=\"async\" width=\"768\" height=\"1024\" src=\"https:\/\/tractoresdeags.com.mx\/wp-content\/uploads\/2024\/07\/20240731_100917-768x1024.jpg\" alt=\"\" class=\"wp-image-331\" srcset=\"https:\/\/tractoresdeags.com.mx\/wp-content\/uploads\/2024\/07\/20240731_100917-768x1024.jpg 768w, https:\/\/tractoresdeags.com.mx\/wp-content\/uploads\/2024\/07\/20240731_100917-225x300.jpg 225w, https:\/\/tractoresdeags.com.mx\/wp-content\/uploads\/2024\/07\/20240731_100917-1152x1536.jpg 1152w, https:\/\/tractoresdeags.com.mx\/wp-content\/uploads\/2024\/07\/20240731_100917-1536x2048.jpg 1536w, https:\/\/tractoresdeags.com.mx\/wp-content\/uploads\/2024\/07\/20240731_100917-scaled.jpg 1920w\" sizes=\"auto, (max-width: 768px) 100vw, 768px\" \/><\/figure>\n<\/div>\n<\/div>\n\n\n\n<div class=\"wp-block-columns alignwide is-layout-flex wp-container-core-columns-is-layout-d1c656ed wp-block-columns-is-layout-flex\">\n<div class=\"wp-block-column is-layout-flow wp-block-column-is-layout-flow\" style=\"flex-basis:50%\">\n<figure class=\"wp-block-image size-large is-style-rounded is-style-rounded--2\"><img loading=\"lazy\" decoding=\"async\" width=\"1024\" height=\"683\" src=\"https:\/\/tractoresdeags.com.mx\/wp-content\/uploads\/2024\/07\/tractor-2654154_1280-1024x683.jpg\" alt=\"\" class=\"wp-image-332\" srcset=\"https:\/\/tractoresdeags.com.mx\/wp-content\/uploads\/2024\/07\/tractor-2654154_1280-1024x683.jpg 1024w, https:\/\/tractoresdeags.com.mx\/wp-content\/uploads\/2024\/07\/tractor-2654154_1280-300x200.jpg 300w, https:\/\/tractoresdeags.com.mx\/wp-content\/uploads\/2024\/07\/tractor-2654154_1280-768x512.jpg 768w, https:\/\/tractoresdeags.com.mx\/wp-content\/uploads\/2024\/07\/tractor-2654154_1280.jpg 1280w\" sizes=\"auto, (max-width: 1024px) 100vw, 1024px\" \/><\/figure>\n<\/div>\n\n\n\n<div class=\"wp-block-column is-vertically-aligned-center is-layout-flow wp-block-column-is-layout-flow\" style=\"flex-basis:40%\">\n<h3 class=\"wp-block-heading is-style-asterisk\">Servicio tecnico<\/h3>\n\n\n\n<ul style=\"line-height:1.75\" class=\"is-style-checkmark-list wp-block-list\">\n<li>Servicio preventivo<\/li>\n\n\n\n<li>Servicio correctivo<\/li>\n<\/ul>\n<\/div>\n<\/div>\n<\/div>\n<\/div>\n<\/div><\/div>\n\n\n\n<div class=\"wp-block-group alignfull has-base-color has-contrast-background-color has-text-color has-background has-global-padding is-layout-constrained wp-container-core-group-is-layout-ef3d885c wp-block-group-is-layout-constrained\" style=\"margin-top:0;margin-bottom:0;padding-top:var(--wp--preset--spacing--60);padding-right:var(--wp--preset--spacing--60);padding-bottom:var(--wp--preset--spacing--60);padding-left:var(--wp--preset--spacing--60)\">\n<div class=\"wp-block-group has-global-padding is-layout-constrained wp-block-group-is-layout-constrained\">\n<div class=\"wp-block-group is-vertical is-content-justification-center is-nowrap is-layout-flex wp-container-core-group-is-layout-2dc08cea wp-block-group-is-layout-flex\">\n<p class=\"has-text-align-center\" style=\"margin-top:var(--wp--preset--spacing--10);margin-bottom:0\">Tractores de Aguascalientes<\/p>\n\n\n\n<p class=\"has-text-align-center has-contrast-3-color has-text-color has-small-font-size\" style=\"font-style:normal;font-weight:300\">TASA<\/p>\n<\/div>\n<\/div>\n\n\n\n<figure class=\"wp-block-image size-full is-style-rounded is-style-rounded--3\"><img loading=\"lazy\" decoding=\"async\" width=\"960\" height=\"643\" src=\"https:\/\/tractoresdeags.com.mx\/wp-content\/uploads\/2024\/07\/toolbox-2645700_960_720.jpg\" alt=\"\" class=\"wp-image-327\" srcset=\"https:\/\/tractoresdeags.com.mx\/wp-content\/uploads\/2024\/07\/toolbox-2645700_960_720.jpg 960w, https:\/\/tractoresdeags.com.mx\/wp-content\/uploads\/2024\/07\/toolbox-2645700_960_720-300x201.jpg 300w, https:\/\/tractoresdeags.com.mx\/wp-content\/uploads\/2024\/07\/toolbox-2645700_960_720-768x514.jpg 768w\" sizes=\"auto, (max-width: 960px) 100vw, 960px\" \/><\/figure>\n<\/div>\n\n\n\n<div class=\"wp-block-group alignfull has-global-padding is-layout-constrained wp-container-core-group-is-layout-d89aad35 wp-block-group-is-layout-constrained\" style=\"margin-top:0;margin-bottom:0;padding-top:var(--wp--preset--spacing--50);padding-right:var(--wp--preset--spacing--50);padding-bottom:var(--wp--preset--spacing--50);padding-left:var(--wp--preset--spacing--50)\">\n<h2 class=\"wp-block-heading alignwide has-x-large-font-size\" style=\"margin-top:0;margin-bottom:var(--wp--preset--spacing--40);line-height:1\">Refacciones<\/h2>\n\n\n\n<p>Adem\u00e1s de una amplia gama de refacciones, en Tractores de Aguascalientes contamos con una selecci\u00f3n de accesorios y partes adicionales para mejorar la funcionalidad y comodidad de su maquinaria agr\u00edcola. Ofrecemos asientos y accesorios de cabina, dise\u00f1ados para proporcionar comodidad y ergonom\u00eda al operador. Tambi\u00e9n disponemos de espejos y retrovisores, esenciales para garantizar la seguridad y visibilidad en el campo.<\/p>\n\n\n\n<p>Para aquellos que requieren implementos espec\u00edficos, tenemos cuchillas y discos, ideales para una variedad de aplicaciones agr\u00edcolas. Con estos accesorios y partes adicionales, buscamos equipar a nuestros clientes con todo lo necesario para maximizar la eficiencia y seguridad en sus labores agr\u00edcolas.<\/p>\n<\/div>\n\n\n\n<p><\/p>\n","protected":false},"excerpt":{"rendered":"<p>Refacciones de maquinaria En Tractores de Aguascalientes, nos enorgullece ofrecer una amplia variedad de refacciones para cualquier tipo de maquinaria agr\u00edcola. Refacciones kubota Adem\u00e1s, contamos con una gama completa de refacciones genuinas Kubota, asegurando la m\u00e1xima calidad y rendimiento. Servicio mecanico Ofrecemos un servicio t\u00e9cnico de primera, con opciones de asistencia mec\u00e1nica tanto en nuestras [&hellip;]<\/p>\n","protected":false},"author":1,"featured_media":0,"parent":0,"menu_order":0,"comment_status":"closed","ping_status":"closed","template":"","meta":{"footnotes":""},"class_list":["post-325","page","type-page","status-publish","hentry"],"_links":{"self":[{"href":"https:\/\/tractoresdeags.com.mx\/index.php\/wp-json\/wp\/v2\/pages\/325","targetHints":{"allow":["GET"]}}],"collection":[{"href":"https:\/\/tractoresdeags.com.mx\/index.php\/wp-json\/wp\/v2\/pages"}],"about":[{"href":"https:\/\/tractoresdeags.com.mx\/index.php\/wp-json\/wp\/v2\/types\/page"}],"author":[{"embeddable":true,"href":"https:\/\/tractoresdeags.com.mx\/index.php\/wp-json\/wp\/v2\/users\/1"}],"replies":[{"embeddable":true,"href":"https:\/\/tractoresdeags.com.mx\/index.php\/wp-json\/wp\/v2\/comments?post=325"}],"version-history":[{"count":13,"href":"https:\/\/tractoresdeags.com.mx\/index.php\/wp-json\/wp\/v2\/pages\/325\/revisions"}],"predecessor-version":[{"id":662,"href":"https:\/\/tractoresdeags.com.mx\/index.php\/wp-json\/wp\/v2\/pages\/325\/revisions\/662"}],"wp:attachment":[{"href":"https:\/\/tractoresdeags.com.mx\/index.php\/wp-json\/wp\/v2\/media?parent=325"}],"curies":[{"name":"wp","href":"https:\/\/api.w.org\/{rel}","templated":true}]}}